{"id":5157,"date":"2016-10-03T18:17:42","date_gmt":"2016-10-03T18:17:42","guid":{"rendered":"https:\/\/puralivinghomes.com\/contact\/"},"modified":"2024-04-25T02:59:55","modified_gmt":"2024-04-25T02:59:55","slug":"contact","status":"publish","type":"page","link":"https:\/\/puralivinghomes.com\/fr\/contact\/","title":{"rendered":"Contact"},"content":{"rendered":"\t\t<div data-elementor-type=\"wp-post\" data-elementor-id=\"5157\" class=\"elementor elementor-5157\" data-elementor-post-type=\"page\">\n\t\t\t\t\t\t<section class=\"elementor-section elementor-top-section elementor-element elementor-element-89f74f9 elementor-section-height-min-height elementor-section-boxed elementor-section-height-default elementor-section-items-middle\" data-id=\"89f74f9\" data-element_type=\"section\" data-settings=\"{&quot;background_background&quot;:&quot;classic&quot;,&quot;animation&quot;:&quot;none&quot;}\">\n\t\t\t\t\t\t\t<div class=\"elementor-background-overlay\"><\/div>\n\t\t\t\t\t\t\t<div class=\"elementor-container elementor-column-gap-default\">\n\t\t\t\t\t<div class=\"elementor-column elementor-col-100 elementor-top-column elementor-element elementor-element-132940d\" data-id=\"132940d\" data-element_type=\"column\">\n\t\t\t<div class=\"elementor-widget-wrap\">\n\t\t\t\t\t\t\t<\/div>\n\t\t<\/div>\n\t\t\t\t\t<\/div>\n\t\t<\/section>\n\t\t\t\t<section class=\"elementor-section elementor-top-section elementor-element elementor-element-fa2bac5 elementor-section-boxed elementor-section-height-default elementor-section-height-default elementor-invisible\" data-id=\"fa2bac5\" data-element_type=\"section\" data-settings=\"{&quot;animation&quot;:&quot;fadeIn&quot;,&quot;background_background&quot;:&quot;classic&quot;}\">\n\t\t\t\t\t\t<div class=\"elementor-container elementor-column-gap-no\">\n\t\t\t\t\t<div class=\"elementor-column elementor-col-100 elementor-top-column elementor-element elementor-element-3fbb1da\" data-id=\"3fbb1da\" data-element_type=\"column\">\n\t\t\t<div class=\"elementor-widget-wrap elementor-element-populated\">\n\t\t\t\t\t\t<section class=\"elementor-section elementor-inner-section elementor-element elementor-element-e9033c5 elementor-section-full_width elementor-section-height-default elementor-section-height-default\" data-id=\"e9033c5\" data-element_type=\"section\">\n\t\t\t\t\t\t<div class=\"elementor-container elementor-column-gap-default\">\n\t\t\t\t\t<div class=\"elementor-column elementor-col-100 elementor-inner-column elementor-element elementor-element-f5d59c4 animated-slow elementor-invisible\" data-id=\"f5d59c4\" data-element_type=\"column\" data-settings=\"{&quot;animation&quot;:&quot;fadeIn&quot;}\">\n\t\t\t<div class=\"elementor-widget-wrap elementor-element-populated\">\n\t\t\t\t\t\t<div class=\"elementor-element elementor-element-18d2760 elementor-widget elementor-widget-houzez_elementor_space\" data-id=\"18d2760\" data-element_type=\"widget\" data-widget_type=\"houzez_elementor_space.default\">\n\t\t\t\t<div class=\"elementor-widget-container\">\n\t\t\t\t\t        <div class=\"houzez-spacer\">\n            <div class=\"houzez-spacer-inner\"><\/div>\n        <\/div>\n        \t\t\t\t<\/div>\n\t\t\t\t<\/div>\n\t\t\t\t<div class=\"elementor-element elementor-element-1732bc8 elementor-widget elementor-widget-heading\" data-id=\"1732bc8\" data-element_type=\"widget\" data-widget_type=\"heading.default\">\n\t\t\t\t<div class=\"elementor-widget-container\">\n\t\t\t\t\t<h1 class=\"elementor-heading-title elementor-size-large\"><b>N'h\u00e9sitez pas \u00e0 poser<\/b> toutes vos questions ou \u00e0 demander des informations.<\/h1>\t\t\t\t<\/div>\n\t\t\t\t<\/div>\n\t\t\t\t<div class=\"elementor-element elementor-element-70a22c9 elementor-widget elementor-widget-text-editor\" data-id=\"70a22c9\" data-element_type=\"widget\" data-widget_type=\"text-editor.default\">\n\t\t\t\t<div class=\"elementor-widget-container\">\n\t\t\t\t\t\t\t\t\t<p>Notre soci\u00e9t\u00e9 est l&#8217;un des principaux promoteurs proposant des villas modernes au design exquis dans des lieux uniques. Nous sommes sp\u00e9cialis\u00e9s dans la conception et la construction de villas modernes qui sont non seulement esth\u00e9tiques, mais aussi luxueuses et pratiques.<\/p>\n<p>Lorsque vous posez une question, nous vous r\u00e9pondons dans les 12 heures. Nos agents qualifi\u00e9s vous fourniront une r\u00e9ponse d\u00e9taill\u00e9e et un plan d&#8217;action.<\/p>\n\t\t\t\t\t\t\t\t<\/div>\n\t\t\t\t<\/div>\n\t\t\t\t\t<\/div>\n\t\t<\/div>\n\t\t\t\t\t<\/div>\n\t\t<\/section>\n\t\t\t\t<section class=\"elementor-section elementor-inner-section elementor-element elementor-element-23cabf8 elementor-section-full_width elementor-reverse-mobile elementor-section-height-default elementor-section-height-default\" data-id=\"23cabf8\" data-element_type=\"section\">\n\t\t\t\t\t\t<div class=\"elementor-container elementor-column-gap-default\">\n\t\t\t\t\t<div class=\"elementor-column elementor-col-33 elementor-inner-column elementor-element elementor-element-e16bcf5\" data-id=\"e16bcf5\" data-element_type=\"column\">\n\t\t\t<div class=\"elementor-widget-wrap elementor-element-populated\">\n\t\t\t\t\t\t<div class=\"elementor-element elementor-element-6902af1 elementor-widget elementor-widget-houzez_elementor_space\" data-id=\"6902af1\" data-element_type=\"widget\" data-widget_type=\"houzez_elementor_space.default\">\n\t\t\t\t<div class=\"elementor-widget-container\">\n\t\t\t\t\t        <div class=\"houzez-spacer\">\n            <div class=\"houzez-spacer-inner\"><\/div>\n        <\/div>\n        \t\t\t\t<\/div>\n\t\t\t\t<\/div>\n\t\t\t\t<div class=\"elementor-element elementor-element-507cfbb elementor-align-center elementor-icon-list--layout-traditional elementor-list-item-link-full_width elementor-invisible elementor-widget elementor-widget-icon-list\" data-id=\"507cfbb\" data-element_type=\"widget\" data-settings=\"{&quot;_animation&quot;:&quot;fadeInLeft&quot;}\" data-widget_type=\"icon-list.default\">\n\t\t\t\t<div class=\"elementor-widget-container\">\n\t\t\t\t\t\t\t<ul class=\"elementor-icon-list-items\">\n\t\t\t\t\t\t\t<li class=\"elementor-icon-list-item\">\n\t\t\t\t\t\t\t\t\t\t\t<a href=\"tel:+50686696446\">\n\n\t\t\t\t\t\t\t\t\t\t\t<span class=\"elementor-icon-list-text\">Appelez-nous au <strong><\/br>+506 8669 6446<\/strong><\/span>\n\t\t\t\t\t\t\t\t\t\t\t<\/a>\n\t\t\t\t\t\t\t\t\t<\/li>\n\t\t\t\t\t\t<\/ul>\n\t\t\t\t\t\t<\/div>\n\t\t\t\t<\/div>\n\t\t\t\t<div class=\"elementor-element elementor-element-42ea44f animated-slow elementor-invisible elementor-widget elementor-widget-text-editor\" data-id=\"42ea44f\" data-element_type=\"widget\" data-settings=\"{&quot;_animation&quot;:&quot;fadeInLeft&quot;}\" data-widget_type=\"text-editor.default\">\n\t\t\t\t<div class=\"elementor-widget-container\">\n\t\t\t\t\t\t\t\t\t<h4><strong>Si\u00e8ge de l&#8217;entreprise<\/strong><\/h4><p><a href=\"https:\/\/www.google.com\/maps\/place\/Guanacaste,+Matapalo,+Costa+Rica\/@10.447333,-85.78526,10z\/data=!4m6!3m5!1s0x8f9e3bad16536021:0x945be52f5767835d!8m2!3d10.3591316!4d-85.8102212!16s%2Fg%2F1tgfr5f7?hl=nl-NL&amp;entry=ttu\" target=\"_blank\" rel=\"noopener\">Matapalo<\/a><\/p><h4><strong>Markus Lind<\/strong><\/h4><p><a href=\"mailto:markus@puralivinghomes.com\">markus@puralivinghomes.com<\/a><br \/><a href=\"tel:+50686696446\" target=\"_blank\" rel=\"noopener\">+506 8669 6446<\/a><\/p>\t\t\t\t\t\t\t\t<\/div>\n\t\t\t\t<\/div>\n\t\t\t\t\t<\/div>\n\t\t<\/div>\n\t\t\t\t<div class=\"elementor-column elementor-col-33 elementor-inner-column elementor-element elementor-element-5aec6a9\" data-id=\"5aec6a9\" data-element_type=\"column\">\n\t\t\t<div class=\"elementor-widget-wrap\">\n\t\t\t\t\t\t\t<\/div>\n\t\t<\/div>\n\t\t\t\t<div class=\"elementor-column elementor-col-33 elementor-inner-column elementor-element elementor-element-f9bfe3c animated-slow elementor-invisible\" data-id=\"f9bfe3c\" data-element_type=\"column\" data-settings=\"{&quot;animation&quot;:&quot;zoomIn&quot;}\">\n\t\t\t<div class=\"elementor-widget-wrap elementor-element-populated\">\n\t\t\t\t\t\t<div class=\"elementor-element elementor-element-e35bc88 elementor-widget elementor-widget-houzez_elementor_space\" data-id=\"e35bc88\" data-element_type=\"widget\" data-widget_type=\"houzez_elementor_space.default\">\n\t\t\t\t<div class=\"elementor-widget-container\">\n\t\t\t\t\t        <div class=\"houzez-spacer\">\n            <div class=\"houzez-spacer-inner\"><\/div>\n        <\/div>\n        \t\t\t\t<\/div>\n\t\t\t\t<\/div>\n\t\t\t\t<div class=\"elementor-element elementor-element-3d72c25 elementor-widget elementor-widget-heading\" data-id=\"3d72c25\" data-element_type=\"widget\" data-widget_type=\"heading.default\">\n\t\t\t\t<div class=\"elementor-widget-container\">\n\t\t\t\t\t<h2 class=\"elementor-heading-title elementor-size-large\"><b>Remplir<\/b> notre formulaire de contact<\/h2>\t\t\t\t<\/div>\n\t\t\t\t<\/div>\n\t\t\t\t<div class=\"elementor-element elementor-element-8a83bb2 elementor-widget elementor-widget-spacer\" data-id=\"8a83bb2\" data-element_type=\"widget\" data-widget_type=\"spacer.default\">\n\t\t\t\t<div class=\"elementor-widget-container\">\n\t\t\t\t\t\t\t<div class=\"elementor-spacer\">\n\t\t\t<div class=\"elementor-spacer-inner\"><\/div>\n\t\t<\/div>\n\t\t\t\t\t\t<\/div>\n\t\t\t\t<\/div>\n\t\t\t\t\t<\/div>\n\t\t<\/div>\n\t\t\t\t\t<\/div>\n\t\t<\/section>\n\t\t\t\t\t<\/div>\n\t\t<\/div>\n\t\t\t\t\t<\/div>\n\t\t<\/section>\n\t\t\t\t<section class=\"elementor-section elementor-top-section elementor-element elementor-element-2a0db4a elementor-section-full_width elementor-section-height-default elementor-section-height-default\" data-id=\"2a0db4a\" data-element_type=\"section\" data-settings=\"{&quot;background_background&quot;:&quot;classic&quot;}\">\n\t\t\t\t\t\t<div class=\"elementor-container elementor-column-gap-default\">\n\t\t\t\t\t<div class=\"elementor-column elementor-col-100 elementor-top-column elementor-element elementor-element-f87be13\" data-id=\"f87be13\" data-element_type=\"column\">\n\t\t\t<div class=\"elementor-widget-wrap elementor-element-populated\">\n\t\t\t\t\t\t<div class=\"elementor-element elementor-element-0e2adfb elementor-widget elementor-widget-heading\" data-id=\"0e2adfb\" data-element_type=\"widget\" data-widget_type=\"heading.default\">\n\t\t\t\t<div class=\"elementor-widget-container\">\n\t\t\t\t\t<h3 class=\"elementor-heading-title elementor-size-large\"><b>Notre \u00e9quipe<\/b> est pr\u00eate \u00e0 vous aider ! <\/h3>\t\t\t\t<\/div>\n\t\t\t\t<\/div>\n\t\t\t\t<section class=\"elementor-section elementor-inner-section elementor-element elementor-element-5f2c7f1 elementor-section-full_width elementor-section-height-default elementor-section-height-default\" data-id=\"5f2c7f1\" data-element_type=\"section\">\n\t\t\t\t\t\t<div class=\"elementor-container elementor-column-gap-wider\">\n\t\t\t\t\t<div class=\"elementor-column elementor-col-25 elementor-inner-column elementor-element elementor-element-ba571db elementor-hidden-mobile\" data-id=\"ba571db\" data-element_type=\"column\">\n\t\t\t<div class=\"elementor-widget-wrap\">\n\t\t\t\t\t\t\t<\/div>\n\t\t<\/div>\n\t\t\t\t<div class=\"elementor-column elementor-col-25 elementor-inner-column elementor-element elementor-element-f0a4dc2\" data-id=\"f0a4dc2\" data-element_type=\"column\">\n\t\t\t<div class=\"elementor-widget-wrap elementor-element-populated\">\n\t\t\t\t\t\t<div class=\"elementor-element elementor-element-ceb9750 elementor-position-top elementor-widget elementor-widget-image-box\" data-id=\"ceb9750\" data-element_type=\"widget\" data-widget_type=\"image-box.default\">\n\t\t\t\t<div class=\"elementor-widget-container\">\n\t\t\t\t\t<div class=\"elementor-image-box-wrapper\"><figure class=\"elementor-image-box-img\"><a href=\"\/fr\/agent\/markus-lind\/\" tabindex=\"-1\"><img fetchpriority=\"high\" decoding=\"async\" width=\"500\" height=\"500\" src=\"https:\/\/puralivinghomes.com\/wp-content\/uploads\/2023\/10\/Markus.png\" class=\"elementor-animation-float attachment-full size-full wp-image-4658\" alt=\"\" srcset=\"https:\/\/puralivinghomes.com\/wp-content\/uploads\/2023\/10\/Markus.png 500w, https:\/\/puralivinghomes.com\/wp-content\/uploads\/2023\/10\/Markus-300x300.png 300w, https:\/\/puralivinghomes.com\/wp-content\/uploads\/2023\/10\/Markus-150x150.png 150w, https:\/\/puralivinghomes.com\/wp-content\/uploads\/2023\/10\/Markus-496x496.png 496w\" sizes=\"(max-width: 500px) 100vw, 500px\" \/><\/a><\/figure><div class=\"elementor-image-box-content\"><div class=\"elementor-image-box-title\"><a href=\"\/fr\/agent\/markus-lind\/\">Markus<\/a><\/div><p class=\"elementor-image-box-description\">CEO & Founder<\/p><\/div><\/div>\t\t\t\t<\/div>\n\t\t\t\t<\/div>\n\t\t\t\t\t<\/div>\n\t\t<\/div>\n\t\t\t\t<div class=\"elementor-column elementor-col-25 elementor-inner-column elementor-element elementor-element-4f5742e\" data-id=\"4f5742e\" data-element_type=\"column\">\n\t\t\t<div class=\"elementor-widget-wrap elementor-element-populated\">\n\t\t\t\t\t\t<div class=\"elementor-element elementor-element-636bb9c elementor-position-top elementor-widget elementor-widget-image-box\" data-id=\"636bb9c\" data-element_type=\"widget\" data-widget_type=\"image-box.default\">\n\t\t\t\t<div class=\"elementor-widget-container\">\n\t\t\t\t\t<div class=\"elementor-image-box-wrapper\"><figure class=\"elementor-image-box-img\"><a href=\"\/fr\/agent\/alexandra\/\" tabindex=\"-1\"><img decoding=\"async\" width=\"500\" height=\"500\" src=\"https:\/\/puralivinghomes.com\/wp-content\/uploads\/2023\/10\/Alexandra.png\" class=\"elementor-animation-float attachment-full size-full wp-image-4652\" alt=\"\" srcset=\"https:\/\/puralivinghomes.com\/wp-content\/uploads\/2023\/10\/Alexandra.png 500w, https:\/\/puralivinghomes.com\/wp-content\/uploads\/2023\/10\/Alexandra-300x300.png 300w, https:\/\/puralivinghomes.com\/wp-content\/uploads\/2023\/10\/Alexandra-150x150.png 150w, https:\/\/puralivinghomes.com\/wp-content\/uploads\/2023\/10\/Alexandra-496x496.png 496w\" sizes=\"(max-width: 500px) 100vw, 500px\" \/><\/a><\/figure><div class=\"elementor-image-box-content\"><div class=\"elementor-image-box-title\"><a href=\"\/fr\/agent\/alexandra\/\">Alexandra<\/a><\/div><p class=\"elementor-image-box-description\">Marketing<\/p><\/div><\/div>\t\t\t\t<\/div>\n\t\t\t\t<\/div>\n\t\t\t\t\t<\/div>\n\t\t<\/div>\n\t\t\t\t<div class=\"elementor-column elementor-col-25 elementor-inner-column elementor-element elementor-element-1d23a86\" data-id=\"1d23a86\" data-element_type=\"column\">\n\t\t\t<div class=\"elementor-widget-wrap\">\n\t\t\t\t\t\t\t<\/div>\n\t\t<\/div>\n\t\t\t\t\t<\/div>\n\t\t<\/section>\n\t\t\t\t\t<\/div>\n\t\t<\/div>\n\t\t\t\t\t<\/div>\n\t\t<\/section>\n\t\t\t\t<\/div>\n\t\t","protected":false},"excerpt":{"rendered":"<p>N&#8217;h\u00e9sitez pas \u00e0 poser toutes vos questions ou \u00e0 demander des informations. Notre soci\u00e9t\u00e9 est l&#8217;un des principaux promoteurs proposant des villas modernes au design exquis dans des lieux uniques. Nous sommes sp\u00e9cialis\u00e9s dans la conception et la construction de villas modernes qui sont non seulement esth\u00e9tiques, mais aussi luxueuses et pratiques. Lorsque vous posez [&hellip;]<\/p>\n","protected":false},"author":2,"featured_media":4884,"parent":0,"menu_order":0,"comment_status":"closed","ping_status":"closed","template":"elementor_header_footer","meta":{"footnotes":""},"acf":[],"yoast_head":"<!-- This site is optimized with the Yoast SEO plugin v23.0 - https:\/\/yoast.com\/wordpress\/plugins\/seo\/ -->\n<title>The One Homes - Contact<\/title>\n<meta name=\"description\" content=\"Notre soci\u00e9t\u00e9 est l&#039;un des principaux promoteurs proposant des villas modernes au design exquis dans des lieux uniques. Nous sommes sp\u00e9cialis\u00e9s dans la conception et la construction de villas modernes qui sont non seulement esth\u00e9tiques, mais aussi luxueuses et pratiques.Lorsque vous posez une question, nous vous r\u00e9pondons dans les 12 heures. Nos agents qualifi\u00e9s vous fourniront une r\u00e9ponse d\u00e9taill\u00e9e et un plan d&#039;action.\" \/>\n<meta name=\"robots\" content=\"index, follow, max-snippet:-1, max-image-preview:large, max-video-preview:-1\" \/>\n<link rel=\"canonical\" href=\"https:\/\/puralivinghomes.com\/fr\/contact\/\" \/>\n<meta property=\"og:locale\" content=\"fr_FR\" \/>\n<meta property=\"og:type\" content=\"article\" \/>\n<meta property=\"og:title\" content=\"The One Homes - Contact\" \/>\n<meta property=\"og:description\" content=\"Notre soci\u00e9t\u00e9 est l&#039;un des principaux promoteurs proposant des villas modernes au design exquis dans des lieux uniques. Nous sommes sp\u00e9cialis\u00e9s dans la conception et la construction de villas modernes qui sont non seulement esth\u00e9tiques, mais aussi luxueuses et pratiques.Lorsque vous posez une question, nous vous r\u00e9pondons dans les 12 heures. Nos agents qualifi\u00e9s vous fourniront une r\u00e9ponse d\u00e9taill\u00e9e et un plan d&#039;action.\" \/>\n<meta property=\"og:url\" content=\"https:\/\/puralivinghomes.com\/fr\/contact\/\" \/>\n<meta property=\"og:site_name\" content=\"puralivinghomes.com\" \/>\n<meta property=\"article:publisher\" content=\"https:\/\/www.facebook.com\/profile.php?id=100093190567617\" \/>\n<meta property=\"article:modified_time\" content=\"2024-04-25T02:59:55+00:00\" \/>\n<meta property=\"og:image\" content=\"https:\/\/puralivinghomes.com\/wp-content\/uploads\/2023\/10\/pexels-costa-rica-drone-tours-13501101-1024x683.jpg\" \/>\n\t<meta property=\"og:image:width\" content=\"1024\" \/>\n\t<meta property=\"og:image:height\" content=\"683\" \/>\n\t<meta property=\"og:image:type\" content=\"image\/jpeg\" \/>\n<meta name=\"twitter:card\" content=\"summary_large_image\" \/>\n<meta name=\"twitter:label1\" content=\"Est. reading time\" \/>\n\t<meta name=\"twitter:data1\" content=\"2 minutes\" \/>\n<script type=\"application\/ld+json\" class=\"yoast-schema-graph\">{\"@context\":\"https:\/\/schema.org\",\"@graph\":[{\"@type\":\"WebPage\",\"@id\":\"https:\/\/puralivinghomes.com\/fr\/contact\/\",\"url\":\"https:\/\/puralivinghomes.com\/fr\/contact\/\",\"name\":\"The One Homes - Contact\",\"isPartOf\":{\"@id\":\"https:\/\/puralivinghomes.com\/fr\/#website\"},\"primaryImageOfPage\":{\"@id\":\"https:\/\/puralivinghomes.com\/fr\/contact\/#primaryimage\"},\"image\":{\"@id\":\"https:\/\/puralivinghomes.com\/fr\/contact\/#primaryimage\"},\"thumbnailUrl\":\"https:\/\/puralivinghomes.com\/wp-content\/uploads\/2023\/10\/pexels-costa-rica-drone-tours-13501101-scaled.jpg\",\"datePublished\":\"2016-10-03T18:17:42+00:00\",\"dateModified\":\"2024-04-25T02:59:55+00:00\",\"description\":\"Notre soci\u00e9t\u00e9 est l'un des principaux promoteurs proposant des villas modernes au design exquis dans des lieux uniques. Nous sommes sp\u00e9cialis\u00e9s dans la conception et la construction de villas modernes qui sont non seulement esth\u00e9tiques, mais aussi luxueuses et pratiques.Lorsque vous posez une question, nous vous r\u00e9pondons dans les 12 heures. Nos agents qualifi\u00e9s vous fourniront une r\u00e9ponse d\u00e9taill\u00e9e et un plan d'action.\",\"breadcrumb\":{\"@id\":\"https:\/\/puralivinghomes.com\/fr\/contact\/#breadcrumb\"},\"inLanguage\":\"fr-FR\",\"potentialAction\":[{\"@type\":\"ReadAction\",\"target\":[\"https:\/\/puralivinghomes.com\/fr\/contact\/\"]}]},{\"@type\":\"ImageObject\",\"inLanguage\":\"fr-FR\",\"@id\":\"https:\/\/puralivinghomes.com\/fr\/contact\/#primaryimage\",\"url\":\"https:\/\/puralivinghomes.com\/wp-content\/uploads\/2023\/10\/pexels-costa-rica-drone-tours-13501101-scaled.jpg\",\"contentUrl\":\"https:\/\/puralivinghomes.com\/wp-content\/uploads\/2023\/10\/pexels-costa-rica-drone-tours-13501101-scaled.jpg\",\"width\":2560,\"height\":1707},{\"@type\":\"BreadcrumbList\",\"@id\":\"https:\/\/puralivinghomes.com\/fr\/contact\/#breadcrumb\",\"itemListElement\":[{\"@type\":\"ListItem\",\"position\":1,\"name\":\"Home\",\"item\":\"https:\/\/puralivinghomes.com\/fr\/\"},{\"@type\":\"ListItem\",\"position\":2,\"name\":\"Contact\"}]},{\"@type\":\"WebSite\",\"@id\":\"https:\/\/puralivinghomes.com\/fr\/#website\",\"url\":\"https:\/\/puralivinghomes.com\/fr\/\",\"name\":\"The One Homes\",\"description\":\"Discover exclusive life style with a leading provider of high quality real estate\",\"publisher\":{\"@id\":\"https:\/\/puralivinghomes.com\/fr\/#organization\"},\"potentialAction\":[{\"@type\":\"SearchAction\",\"target\":{\"@type\":\"EntryPoint\",\"urlTemplate\":\"https:\/\/puralivinghomes.com\/fr\/?s={search_term_string}\"},\"query-input\":\"required name=search_term_string\"}],\"inLanguage\":\"fr-FR\"},{\"@type\":\"Organization\",\"@id\":\"https:\/\/puralivinghomes.com\/fr\/#organization\",\"name\":\"The One Homes\",\"url\":\"https:\/\/puralivinghomes.com\/fr\/\",\"logo\":{\"@type\":\"ImageObject\",\"inLanguage\":\"fr-FR\",\"@id\":\"https:\/\/puralivinghomes.com\/fr\/#\/schema\/logo\/image\/\",\"url\":\"https:\/\/puralivinghomes.com\/wp-content\/uploads\/2023\/09\/transparent-black_long.png\",\"contentUrl\":\"https:\/\/puralivinghomes.com\/wp-content\/uploads\/2023\/09\/transparent-black_long.png\",\"width\":1269,\"height\":497,\"caption\":\"The One Homes\"},\"image\":{\"@id\":\"https:\/\/puralivinghomes.com\/fr\/#\/schema\/logo\/image\/\"},\"sameAs\":[\"https:\/\/www.facebook.com\/profile.php?id=100093190567617\",\"https:\/\/www.instagram.com\/theonehomes\/\",\"https:\/\/www.youtube.com\/@TheOneHomesCR\"]}]}<\/script>\n<!-- \/ Yoast SEO plugin. -->","yoast_head_json":{"title":"The One Homes - Contact","description":"Notre soci\u00e9t\u00e9 est l'un des principaux promoteurs proposant des villas modernes au design exquis dans des lieux uniques. Nous sommes sp\u00e9cialis\u00e9s dans la conception et la construction de villas modernes qui sont non seulement esth\u00e9tiques, mais aussi luxueuses et pratiques.Lorsque vous posez une question, nous vous r\u00e9pondons dans les 12 heures. Nos agents qualifi\u00e9s vous fourniront une r\u00e9ponse d\u00e9taill\u00e9e et un plan d'action.","robots":{"index":"index","follow":"follow","max-snippet":"max-snippet:-1","max-image-preview":"max-image-preview:large","max-video-preview":"max-video-preview:-1"},"canonical":"https:\/\/puralivinghomes.com\/fr\/contact\/","og_locale":"fr_FR","og_type":"article","og_title":"The One Homes - Contact","og_description":"Notre soci\u00e9t\u00e9 est l'un des principaux promoteurs proposant des villas modernes au design exquis dans des lieux uniques. Nous sommes sp\u00e9cialis\u00e9s dans la conception et la construction de villas modernes qui sont non seulement esth\u00e9tiques, mais aussi luxueuses et pratiques.Lorsque vous posez une question, nous vous r\u00e9pondons dans les 12 heures. Nos agents qualifi\u00e9s vous fourniront une r\u00e9ponse d\u00e9taill\u00e9e et un plan d'action.","og_url":"https:\/\/puralivinghomes.com\/fr\/contact\/","og_site_name":"puralivinghomes.com","article_publisher":"https:\/\/www.facebook.com\/profile.php?id=100093190567617","article_modified_time":"2024-04-25T02:59:55+00:00","og_image":[{"width":1024,"height":683,"url":"https:\/\/puralivinghomes.com\/wp-content\/uploads\/2023\/10\/pexels-costa-rica-drone-tours-13501101-1024x683.jpg","type":"image\/jpeg"}],"twitter_card":"summary_large_image","twitter_misc":{"Est. reading time":"2 minutes"},"schema":{"@context":"https:\/\/schema.org","@graph":[{"@type":"WebPage","@id":"https:\/\/puralivinghomes.com\/fr\/contact\/","url":"https:\/\/puralivinghomes.com\/fr\/contact\/","name":"The One Homes - Contact","isPartOf":{"@id":"https:\/\/puralivinghomes.com\/fr\/#website"},"primaryImageOfPage":{"@id":"https:\/\/puralivinghomes.com\/fr\/contact\/#primaryimage"},"image":{"@id":"https:\/\/puralivinghomes.com\/fr\/contact\/#primaryimage"},"thumbnailUrl":"https:\/\/puralivinghomes.com\/wp-content\/uploads\/2023\/10\/pexels-costa-rica-drone-tours-13501101-scaled.jpg","datePublished":"2016-10-03T18:17:42+00:00","dateModified":"2024-04-25T02:59:55+00:00","description":"Notre soci\u00e9t\u00e9 est l'un des principaux promoteurs proposant des villas modernes au design exquis dans des lieux uniques. Nous sommes sp\u00e9cialis\u00e9s dans la conception et la construction de villas modernes qui sont non seulement esth\u00e9tiques, mais aussi luxueuses et pratiques.Lorsque vous posez une question, nous vous r\u00e9pondons dans les 12 heures. Nos agents qualifi\u00e9s vous fourniront une r\u00e9ponse d\u00e9taill\u00e9e et un plan d'action.","breadcrumb":{"@id":"https:\/\/puralivinghomes.com\/fr\/contact\/#breadcrumb"},"inLanguage":"fr-FR","potentialAction":[{"@type":"ReadAction","target":["https:\/\/puralivinghomes.com\/fr\/contact\/"]}]},{"@type":"ImageObject","inLanguage":"fr-FR","@id":"https:\/\/puralivinghomes.com\/fr\/contact\/#primaryimage","url":"https:\/\/puralivinghomes.com\/wp-content\/uploads\/2023\/10\/pexels-costa-rica-drone-tours-13501101-scaled.jpg","contentUrl":"https:\/\/puralivinghomes.com\/wp-content\/uploads\/2023\/10\/pexels-costa-rica-drone-tours-13501101-scaled.jpg","width":2560,"height":1707},{"@type":"BreadcrumbList","@id":"https:\/\/puralivinghomes.com\/fr\/contact\/#breadcrumb","itemListElement":[{"@type":"ListItem","position":1,"name":"Home","item":"https:\/\/puralivinghomes.com\/fr\/"},{"@type":"ListItem","position":2,"name":"Contact"}]},{"@type":"WebSite","@id":"https:\/\/puralivinghomes.com\/fr\/#website","url":"https:\/\/puralivinghomes.com\/fr\/","name":"The One Homes","description":"Discover exclusive life style with a leading provider of high quality real estate","publisher":{"@id":"https:\/\/puralivinghomes.com\/fr\/#organization"},"potentialAction":[{"@type":"SearchAction","target":{"@type":"EntryPoint","urlTemplate":"https:\/\/puralivinghomes.com\/fr\/?s={search_term_string}"},"query-input":"required name=search_term_string"}],"inLanguage":"fr-FR"},{"@type":"Organization","@id":"https:\/\/puralivinghomes.com\/fr\/#organization","name":"The One Homes","url":"https:\/\/puralivinghomes.com\/fr\/","logo":{"@type":"ImageObject","inLanguage":"fr-FR","@id":"https:\/\/puralivinghomes.com\/fr\/#\/schema\/logo\/image\/","url":"https:\/\/puralivinghomes.com\/wp-content\/uploads\/2023\/09\/transparent-black_long.png","contentUrl":"https:\/\/puralivinghomes.com\/wp-content\/uploads\/2023\/09\/transparent-black_long.png","width":1269,"height":497,"caption":"The One Homes"},"image":{"@id":"https:\/\/puralivinghomes.com\/fr\/#\/schema\/logo\/image\/"},"sameAs":["https:\/\/www.facebook.com\/profile.php?id=100093190567617","https:\/\/www.instagram.com\/theonehomes\/","https:\/\/www.youtube.com\/@TheOneHomesCR"]}]}},"_links":{"self":[{"href":"https:\/\/puralivinghomes.com\/fr\/wp-json\/wp\/v2\/pages\/5157"}],"collection":[{"href":"https:\/\/puralivinghomes.com\/fr\/wp-json\/wp\/v2\/pages"}],"about":[{"href":"https:\/\/puralivinghomes.com\/fr\/wp-json\/wp\/v2\/types\/page"}],"author":[{"embeddable":true,"href":"https:\/\/puralivinghomes.com\/fr\/wp-json\/wp\/v2\/users\/2"}],"replies":[{"embeddable":true,"href":"https:\/\/puralivinghomes.com\/fr\/wp-json\/wp\/v2\/comments?post=5157"}],"version-history":[{"count":15,"href":"https:\/\/puralivinghomes.com\/fr\/wp-json\/wp\/v2\/pages\/5157\/revisions"}],"predecessor-version":[{"id":5661,"href":"https:\/\/puralivinghomes.com\/fr\/wp-json\/wp\/v2\/pages\/5157\/revisions\/5661"}],"wp:featuredmedia":[{"embeddable":true,"href":"https:\/\/puralivinghomes.com\/fr\/wp-json\/wp\/v2\/media\/4884"}],"wp:attachment":[{"href":"https:\/\/puralivinghomes.com\/fr\/wp-json\/wp\/v2\/media?parent=5157"}],"curies":[{"name":"wp","href":"https:\/\/api.w.org\/{rel}","templated":true}]}}